{"id":25403,"date":"2024-08-18T19:30:30","date_gmt":"2024-08-18T17:30:30","guid":{"rendered":"https:\/\/innovaciondigital7.com\/all-courses\/"},"modified":"2024-08-18T22:06:11","modified_gmt":"2024-08-18T20:06:11","slug":"todos-los-cursos","status":"publish","type":"page","link":"https:\/\/steegserver.com\/premiumweb\/webcursos\/todos-los-cursos\/","title":{"rendered":"Todos los cursos"},"content":{"rendered":"\n<div class=\"wp-block-uagb-container uagb-block-bce0f342 alignfull uagb-is-root-container\"><div class=\"uagb-container-inner-blocks-wrap\">\n<div class=\"wp-block-uagb-advanced-heading uagb-block-110c5ff4\"><h1 class=\"uagb-heading-text\">Todos los cursos<\/h1><p class=\"uagb-desc-text\">\u00abDescubre todos los cursos recomendados, cuidadosamente seleccionados para tu crecimiento y \u00e9xito profesional.\u00bb<\/p><\/div>\n<\/div><\/div>\n\n\n\n<div class=\"wp-block-uagb-container uagb-block-6298cce3 alignfull uagb-is-root-container\"><div class=\"uagb-container-inner-blocks-wrap\">\n<div class=\"wp-block-columns is-layout-flex wp-container-core-columns-is-layout-28f84493 wp-block-columns-is-layout-flex\">\n<div class=\"wp-block-column is-layout-flow wp-block-column-is-layout-flow\">\n<figure class=\"wp-block-gallery has-nested-images columns-default is-cropped wp-block-gallery-1 is-layout-flex wp-block-gallery-is-layout-flex\">\n<figure class=\"wp-block-image size-large\"><img loading=\"lazy\" decoding=\"async\" width=\"700\" height=\"400\" data-id=\"24480\" src=\"https:\/\/innovaciondigital7.com\/wp-content\/uploads\/2016\/12\/social-media-free-img.jpg\" alt=\"\" class=\"wp-image-24480\" title=\"\" srcset=\"https:\/\/steegserver.com\/premiumweb\/webcursos\/wp-content\/uploads\/2016\/12\/social-media-free-img.jpg 700w, https:\/\/steegserver.com\/premiumweb\/webcursos\/wp-content\/uploads\/2016\/12\/social-media-free-img-300x171.jpg 300w, https:\/\/steegserver.com\/premiumweb\/webcursos\/wp-content\/uploads\/2016\/12\/social-media-free-img-600x343.jpg 600w\" sizes=\"auto, (max-width: 700px) 100vw, 700px\" \/><\/figure>\n<\/figure>\n\n\n\n<div class=\"wp-block-columns is-layout-flex wp-container-core-columns-is-layout-28f84493 wp-block-columns-is-layout-flex\">\n<div class=\"wp-block-column is-layout-flow wp-block-column-is-layout-flow\">\n<p>Lorem ipsum dolor sit amet, consectetur adipiscing elit. Duis ac eros ut dui bibendum ultricies. Maecenas egestas fringilla semper.<\/p>\n<\/div>\n<\/div>\n<\/div>\n\n\n\n<div class=\"wp-block-column is-layout-flow wp-block-column-is-layout-flow\">\n<figure class=\"wp-block-gallery has-nested-images columns-default is-cropped wp-block-gallery-2 is-layout-flex wp-block-gallery-is-layout-flex\">\n<figure class=\"wp-block-image size-large\"><img loading=\"lazy\" decoding=\"async\" width=\"700\" height=\"400\" data-id=\"24480\" src=\"https:\/\/innovaciondigital7.com\/wp-content\/uploads\/2016\/12\/social-media-free-img.jpg\" alt=\"\" class=\"wp-image-24480\" srcset=\"https:\/\/steegserver.com\/premiumweb\/webcursos\/wp-content\/uploads\/2016\/12\/social-media-free-img.jpg 700w, https:\/\/steegserver.com\/premiumweb\/webcursos\/wp-content\/uploads\/2016\/12\/social-media-free-img-300x171.jpg 300w, https:\/\/steegserver.com\/premiumweb\/webcursos\/wp-content\/uploads\/2016\/12\/social-media-free-img-600x343.jpg 600w\" sizes=\"auto, (max-width: 700px) 100vw, 700px\" \/><\/figure>\n<\/figure>\n\n\n\n<div class=\"wp-block-columns is-layout-flex wp-container-core-columns-is-layout-28f84493 wp-block-columns-is-layout-flex\">\n<div class=\"wp-block-column is-layout-flow wp-block-column-is-layout-flow\">\n<p>Lorem ipsum dolor sit amet, consectetur adipiscing elit. Duis ac eros ut dui bibendum ultricies. Maecenas egestas fringilla semper.<\/p>\n<\/div>\n<\/div>\n<\/div>\n\n\n\n<div class=\"wp-block-column is-layout-flow wp-block-column-is-layout-flow\">\n<figure class=\"wp-block-gallery has-nested-images columns-default is-cropped wp-block-gallery-3 is-layout-flex wp-block-gallery-is-layout-flex\">\n<figure class=\"wp-block-image size-large\"><img loading=\"lazy\" decoding=\"async\" width=\"700\" height=\"400\" data-id=\"24480\" src=\"https:\/\/innovaciondigital7.com\/wp-content\/uploads\/2016\/12\/social-media-free-img.jpg\" alt=\"\" class=\"wp-image-24480\" srcset=\"https:\/\/steegserver.com\/premiumweb\/webcursos\/wp-content\/uploads\/2016\/12\/social-media-free-img.jpg 700w, https:\/\/steegserver.com\/premiumweb\/webcursos\/wp-content\/uploads\/2016\/12\/social-media-free-img-300x171.jpg 300w, https:\/\/steegserver.com\/premiumweb\/webcursos\/wp-content\/uploads\/2016\/12\/social-media-free-img-600x343.jpg 600w\" sizes=\"auto, (max-width: 700px) 100vw, 700px\" \/><\/figure>\n<\/figure>\n\n\n\n<div class=\"wp-block-columns is-layout-flex wp-container-core-columns-is-layout-28f84493 wp-block-columns-is-layout-flex\">\n<div class=\"wp-block-column is-layout-flow wp-block-column-is-layout-flow\">\n<p>Lorem ipsum dolor sit amet, consectetur adipiscing elit. Duis ac eros ut dui bibendum ultricies. Maecenas egestas fringilla semper.<\/p>\n<\/div>\n<\/div>\n<\/div>\n<\/div>\n<\/div><\/div>\n\n\n\n<div class=\"wp-block-uagb-container uagb-block-21ae91b0 alignfull uagb-is-root-container\"><div class=\"uagb-container-inner-blocks-wrap\">\n<div class=\"wp-block-columns is-layout-flex wp-container-core-columns-is-layout-28f84493 wp-block-columns-is-layout-flex\">\n<div class=\"wp-block-column is-layout-flow wp-block-column-is-layout-flow\">\n<figure class=\"wp-block-gallery has-nested-images columns-default is-cropped wp-block-gallery-4 is-layout-flex wp-block-gallery-is-layout-flex\">\n<figure class=\"wp-block-image size-large\"><img loading=\"lazy\" decoding=\"async\" width=\"700\" height=\"400\" data-id=\"24480\" src=\"https:\/\/innovaciondigital7.com\/wp-content\/uploads\/2016\/12\/social-media-free-img.jpg\" alt=\"\" class=\"wp-image-24480\" title=\"\" srcset=\"https:\/\/steegserver.com\/premiumweb\/webcursos\/wp-content\/uploads\/2016\/12\/social-media-free-img.jpg 700w, https:\/\/steegserver.com\/premiumweb\/webcursos\/wp-content\/uploads\/2016\/12\/social-media-free-img-300x171.jpg 300w, https:\/\/steegserver.com\/premiumweb\/webcursos\/wp-content\/uploads\/2016\/12\/social-media-free-img-600x343.jpg 600w\" sizes=\"auto, (max-width: 700px) 100vw, 700px\" \/><\/figure>\n<\/figure>\n\n\n\n<div class=\"wp-block-columns is-layout-flex wp-container-core-columns-is-layout-28f84493 wp-block-columns-is-layout-flex\">\n<div class=\"wp-block-column is-layout-flow wp-block-column-is-layout-flow\">\n<p>Lorem ipsum dolor sit amet, consectetur adipiscing elit. Duis ac eros ut dui bibendum ultricies. Maecenas egestas fringilla semper.<\/p>\n<\/div>\n<\/div>\n<\/div>\n\n\n\n<div class=\"wp-block-column is-layout-flow wp-block-column-is-layout-flow\">\n<figure class=\"wp-block-gallery has-nested-images columns-default is-cropped wp-block-gallery-5 is-layout-flex wp-block-gallery-is-layout-flex\">\n<figure class=\"wp-block-image size-large\"><img loading=\"lazy\" decoding=\"async\" width=\"700\" height=\"400\" data-id=\"24480\" src=\"https:\/\/innovaciondigital7.com\/wp-content\/uploads\/2016\/12\/social-media-free-img.jpg\" alt=\"\" class=\"wp-image-24480\" srcset=\"https:\/\/steegserver.com\/premiumweb\/webcursos\/wp-content\/uploads\/2016\/12\/social-media-free-img.jpg 700w, https:\/\/steegserver.com\/premiumweb\/webcursos\/wp-content\/uploads\/2016\/12\/social-media-free-img-300x171.jpg 300w, https:\/\/steegserver.com\/premiumweb\/webcursos\/wp-content\/uploads\/2016\/12\/social-media-free-img-600x343.jpg 600w\" sizes=\"auto, (max-width: 700px) 100vw, 700px\" \/><\/figure>\n<\/figure>\n\n\n\n<div class=\"wp-block-columns is-layout-flex wp-container-core-columns-is-layout-28f84493 wp-block-columns-is-layout-flex\">\n<div class=\"wp-block-column is-layout-flow wp-block-column-is-layout-flow\">\n<p>Lorem ipsum dolor sit amet, consectetur adipiscing elit. Duis ac eros ut dui bibendum ultricies. Maecenas egestas fringilla semper.<\/p>\n<\/div>\n<\/div>\n<\/div>\n\n\n\n<div class=\"wp-block-column is-layout-flow wp-block-column-is-layout-flow\">\n<figure class=\"wp-block-gallery has-nested-images columns-default is-cropped wp-block-gallery-6 is-layout-flex wp-block-gallery-is-layout-flex\">\n<figure class=\"wp-block-image size-large\"><img loading=\"lazy\" decoding=\"async\" width=\"700\" height=\"400\" data-id=\"24480\" src=\"https:\/\/innovaciondigital7.com\/wp-content\/uploads\/2016\/12\/social-media-free-img.jpg\" alt=\"\" class=\"wp-image-24480\" srcset=\"https:\/\/steegserver.com\/premiumweb\/webcursos\/wp-content\/uploads\/2016\/12\/social-media-free-img.jpg 700w, https:\/\/steegserver.com\/premiumweb\/webcursos\/wp-content\/uploads\/2016\/12\/social-media-free-img-300x171.jpg 300w, https:\/\/steegserver.com\/premiumweb\/webcursos\/wp-content\/uploads\/2016\/12\/social-media-free-img-600x343.jpg 600w\" sizes=\"auto, (max-width: 700px) 100vw, 700px\" \/><\/figure>\n<\/figure>\n\n\n\n<div class=\"wp-block-columns is-layout-flex wp-container-core-columns-is-layout-28f84493 wp-block-columns-is-layout-flex\">\n<div class=\"wp-block-column is-layout-flow wp-block-column-is-layout-flow\">\n<p>Lorem ipsum dolor sit amet, consectetur adipiscing elit. Duis ac eros ut dui bibendum ultricies. Maecenas egestas fringilla semper.<\/p>\n<\/div>\n<\/div>\n<\/div>\n<\/div>\n<\/div><\/div>\n","protected":false},"excerpt":{"rendered":"<p>Todos los cursos \u00abDescubre todos los cursos recomendados, cuidadosamente seleccionados para tu crecimiento y \u00e9xito profesional.\u00bb Lorem ipsum dolor sit amet, consectetur adipiscing elit. Duis ac eros ut dui bibendum ultricies. Maecenas egestas fringilla semper. Lorem ipsum dolor sit amet, consectetur adipiscing elit. Duis ac eros ut dui bibendum ultricies. Maecenas egestas fringilla semper. Lorem [&hellip;]<\/p>\n","protected":false},"author":1,"featured_media":0,"parent":0,"menu_order":0,"comment_status":"closed","ping_status":"closed","template":"","meta":{"_uag_custom_page_level_css":"","site-sidebar-layout":"no-sidebar","site-content-layout":"plain-container","ast-site-content-layout":"full-width-container","site-content-style":"unboxed","site-sidebar-style":"unboxed","ast-global-header-display":"","ast-banner-title-visibility":"","ast-main-header-display":"","ast-hfb-above-header-display":"","ast-hfb-below-header-display":"","ast-hfb-mobile-header-display":"","site-post-title":"disabled","ast-breadcrumbs-content":"","ast-featured-img":"disabled","footer-sml-layout":"","theme-transparent-header-meta":"enabled","adv-header-id-meta":"","stick-header-meta":"","header-above-stick-meta":"","header-main-stick-meta":"","header-below-stick-meta":"","astra-migrate-meta-layouts":"set","ast-page-background-enabled":"default","ast-page-background-meta":{"desktop":{"background-color":"","background-image":"","background-repeat":"repeat","background-position":"center center","background-size":"auto","background-attachment":"scroll","background-type":"","background-media":"","overlay-type":"","overlay-color":"","overlay-opacity":"","overlay-gradient":""},"tablet":{"background-color":"","background-image":"","background-repeat":"repeat","background-position":"center center","background-size":"auto","background-attachment":"scroll","background-type":"","background-media":"","overlay-type":"","overlay-color":"","overlay-opacity":"","overlay-gradient":""},"mobile":{"background-color":"","background-image":"","background-repeat":"repeat","background-position":"center center","background-size":"auto","background-attachment":"scroll","background-type":"","background-media":"","overlay-type":"","overlay-color":"","overlay-opacity":"","overlay-gradient":""}},"ast-content-background-meta":{"desktop":{"background-color":"var(--ast-global-color-5)","background-image":"","background-repeat":"repeat","background-position":"center center","background-size":"auto","background-attachment":"scroll","background-type":"","background-media":"","overlay-type":"","overlay-color":"","overlay-opacity":"","overlay-gradient":""},"tablet":{"background-color":"var(--ast-global-color-5)","background-image":"","background-repeat":"repeat","background-position":"center center","background-size":"auto","background-attachment":"scroll","background-type":"","background-media":"","overlay-type":"","overlay-color":"","overlay-opacity":"","overlay-gradient":""},"mobile":{"background-color":"var(--ast-global-color-5)","background-image":"","background-repeat":"repeat","background-position":"center center","background-size":"auto","background-attachment":"scroll","background-type":"","background-media":"","overlay-type":"","overlay-color":"","overlay-opacity":"","overlay-gradient":""}},"footnotes":""},"class_list":["post-25403","page","type-page","status-publish","hentry"],"yoast_head":"<!-- This site is optimized with the Yoast SEO plugin v23.3 - https:\/\/yoast.com\/wordpress\/plugins\/seo\/ -->\n<title>Todos los cursos - INNOVACION DIGITAL<\/title>\n<meta name=\"robots\" content=\"index, follow, max-snippet:-1, max-image-preview:large, max-video-preview:-1\" \/>\n<link rel=\"canonical\" href=\"https:\/\/steegserver.com\/premiumweb\/webcursos\/todos-los-cursos\/\" \/>\n<meta property=\"og:locale\" content=\"es_ES\" \/>\n<meta property=\"og:type\" content=\"article\" \/>\n<meta property=\"og:title\" content=\"Todos los cursos - INNOVACION DIGITAL\" \/>\n<meta property=\"og:description\" content=\"Todos los cursos \u00abDescubre todos los cursos recomendados, cuidadosamente seleccionados para tu crecimiento y \u00e9xito profesional.\u00bb Lorem ipsum dolor sit amet, consectetur adipiscing elit. Duis ac eros ut dui bibendum ultricies. Maecenas egestas fringilla semper. Lorem ipsum dolor sit amet, consectetur adipiscing elit. Duis ac eros ut dui bibendum ultricies. Maecenas egestas fringilla semper. Lorem [&hellip;]\" \/>\n<meta property=\"og:url\" content=\"https:\/\/steegserver.com\/premiumweb\/webcursos\/todos-los-cursos\/\" \/>\n<meta property=\"og:site_name\" content=\"INNOVACION DIGITAL\" \/>\n<meta property=\"article:modified_time\" content=\"2024-08-18T20:06:11+00:00\" \/>\n<meta property=\"og:image\" content=\"https:\/\/innovaciondigital7.com\/wp-content\/uploads\/2016\/12\/social-media-free-img.jpg\" \/>\n<meta name=\"twitter:card\" content=\"summary_large_image\" \/>\n<meta name=\"twitter:label1\" content=\"Tiempo de lectura\" \/>\n\t<meta name=\"twitter:data1\" content=\"2 minutos\" \/>\n<script type=\"application\/ld+json\" class=\"yoast-schema-graph\">{\"@context\":\"https:\/\/schema.org\",\"@graph\":[{\"@type\":\"WebPage\",\"@id\":\"https:\/\/steegserver.com\/premiumweb\/webcursos\/todos-los-cursos\/\",\"url\":\"https:\/\/steegserver.com\/premiumweb\/webcursos\/todos-los-cursos\/\",\"name\":\"Todos los cursos - INNOVACION DIGITAL\",\"isPartOf\":{\"@id\":\"https:\/\/steegserver.com\/premiumweb\/webcursos\/#website\"},\"primaryImageOfPage\":{\"@id\":\"https:\/\/steegserver.com\/premiumweb\/webcursos\/todos-los-cursos\/#primaryimage\"},\"image\":{\"@id\":\"https:\/\/steegserver.com\/premiumweb\/webcursos\/todos-los-cursos\/#primaryimage\"},\"thumbnailUrl\":\"https:\/\/innovaciondigital7.com\/wp-content\/uploads\/2016\/12\/social-media-free-img.jpg\",\"datePublished\":\"2024-08-18T17:30:30+00:00\",\"dateModified\":\"2024-08-18T20:06:11+00:00\",\"breadcrumb\":{\"@id\":\"https:\/\/steegserver.com\/premiumweb\/webcursos\/todos-los-cursos\/#breadcrumb\"},\"inLanguage\":\"es\",\"potentialAction\":[{\"@type\":\"ReadAction\",\"target\":[\"https:\/\/steegserver.com\/premiumweb\/webcursos\/todos-los-cursos\/\"]}]},{\"@type\":\"ImageObject\",\"inLanguage\":\"es\",\"@id\":\"https:\/\/steegserver.com\/premiumweb\/webcursos\/todos-los-cursos\/#primaryimage\",\"url\":\"https:\/\/innovaciondigital7.com\/wp-content\/uploads\/2016\/12\/social-media-free-img.jpg\",\"contentUrl\":\"https:\/\/innovaciondigital7.com\/wp-content\/uploads\/2016\/12\/social-media-free-img.jpg\"},{\"@type\":\"BreadcrumbList\",\"@id\":\"https:\/\/steegserver.com\/premiumweb\/webcursos\/todos-los-cursos\/#breadcrumb\",\"itemListElement\":[{\"@type\":\"ListItem\",\"position\":1,\"name\":\"Portada\",\"item\":\"https:\/\/steegserver.com\/premiumweb\/webcursos\/\"},{\"@type\":\"ListItem\",\"position\":2,\"name\":\"Todos los cursos\"}]},{\"@type\":\"WebSite\",\"@id\":\"https:\/\/steegserver.com\/premiumweb\/webcursos\/#website\",\"url\":\"https:\/\/steegserver.com\/premiumweb\/webcursos\/\",\"name\":\"INNOVACION DIGITAL\",\"description\":\"En Innovaci\u00f3n Digital, encontrar\u00e1s contenido dise\u00f1ado para impulsar tu crecimiento personal y profesional.\",\"publisher\":{\"@id\":\"https:\/\/steegserver.com\/premiumweb\/webcursos\/#organization\"},\"potentialAction\":[{\"@type\":\"SearchAction\",\"target\":{\"@type\":\"EntryPoint\",\"urlTemplate\":\"https:\/\/steegserver.com\/premiumweb\/webcursos\/?s={search_term_string}\"},\"query-input\":\"required name=search_term_string\"}],\"inLanguage\":\"es\"},{\"@type\":\"Organization\",\"@id\":\"https:\/\/steegserver.com\/premiumweb\/webcursos\/#organization\",\"name\":\"INNOVACION DIGITAL\",\"url\":\"https:\/\/steegserver.com\/premiumweb\/webcursos\/\",\"logo\":{\"@type\":\"ImageObject\",\"inLanguage\":\"es\",\"@id\":\"https:\/\/steegserver.com\/premiumweb\/webcursos\/#\/schema\/logo\/image\/\",\"url\":\"https:\/\/steegserver.com\/premiumweb\/webcursos\/wp-content\/uploads\/2024\/08\/cropped-logo-transparente.png\",\"contentUrl\":\"https:\/\/steegserver.com\/premiumweb\/webcursos\/wp-content\/uploads\/2024\/08\/cropped-logo-transparente.png\",\"width\":500,\"height\":226,\"caption\":\"INNOVACION DIGITAL\"},\"image\":{\"@id\":\"https:\/\/steegserver.com\/premiumweb\/webcursos\/#\/schema\/logo\/image\/\"}}]}<\/script>\n<!-- \/ Yoast SEO plugin. -->","yoast_head_json":{"title":"Todos los cursos - INNOVACION DIGITAL","robots":{"index":"index","follow":"follow","max-snippet":"max-snippet:-1","max-image-preview":"max-image-preview:large","max-video-preview":"max-video-preview:-1"},"canonical":"https:\/\/steegserver.com\/premiumweb\/webcursos\/todos-los-cursos\/","og_locale":"es_ES","og_type":"article","og_title":"Todos los cursos - INNOVACION DIGITAL","og_description":"Todos los cursos \u00abDescubre todos los cursos recomendados, cuidadosamente seleccionados para tu crecimiento y \u00e9xito profesional.\u00bb Lorem ipsum dolor sit amet, consectetur adipiscing elit. Duis ac eros ut dui bibendum ultricies. Maecenas egestas fringilla semper. Lorem ipsum dolor sit amet, consectetur adipiscing elit. Duis ac eros ut dui bibendum ultricies. Maecenas egestas fringilla semper. Lorem [&hellip;]","og_url":"https:\/\/steegserver.com\/premiumweb\/webcursos\/todos-los-cursos\/","og_site_name":"INNOVACION DIGITAL","article_modified_time":"2024-08-18T20:06:11+00:00","og_image":[{"url":"https:\/\/innovaciondigital7.com\/wp-content\/uploads\/2016\/12\/social-media-free-img.jpg"}],"twitter_card":"summary_large_image","twitter_misc":{"Tiempo de lectura":"2 minutos"},"schema":{"@context":"https:\/\/schema.org","@graph":[{"@type":"WebPage","@id":"https:\/\/steegserver.com\/premiumweb\/webcursos\/todos-los-cursos\/","url":"https:\/\/steegserver.com\/premiumweb\/webcursos\/todos-los-cursos\/","name":"Todos los cursos - INNOVACION DIGITAL","isPartOf":{"@id":"https:\/\/steegserver.com\/premiumweb\/webcursos\/#website"},"primaryImageOfPage":{"@id":"https:\/\/steegserver.com\/premiumweb\/webcursos\/todos-los-cursos\/#primaryimage"},"image":{"@id":"https:\/\/steegserver.com\/premiumweb\/webcursos\/todos-los-cursos\/#primaryimage"},"thumbnailUrl":"https:\/\/innovaciondigital7.com\/wp-content\/uploads\/2016\/12\/social-media-free-img.jpg","datePublished":"2024-08-18T17:30:30+00:00","dateModified":"2024-08-18T20:06:11+00:00","breadcrumb":{"@id":"https:\/\/steegserver.com\/premiumweb\/webcursos\/todos-los-cursos\/#breadcrumb"},"inLanguage":"es","potentialAction":[{"@type":"ReadAction","target":["https:\/\/steegserver.com\/premiumweb\/webcursos\/todos-los-cursos\/"]}]},{"@type":"ImageObject","inLanguage":"es","@id":"https:\/\/steegserver.com\/premiumweb\/webcursos\/todos-los-cursos\/#primaryimage","url":"https:\/\/innovaciondigital7.com\/wp-content\/uploads\/2016\/12\/social-media-free-img.jpg","contentUrl":"https:\/\/innovaciondigital7.com\/wp-content\/uploads\/2016\/12\/social-media-free-img.jpg"},{"@type":"BreadcrumbList","@id":"https:\/\/steegserver.com\/premiumweb\/webcursos\/todos-los-cursos\/#breadcrumb","itemListElement":[{"@type":"ListItem","position":1,"name":"Portada","item":"https:\/\/steegserver.com\/premiumweb\/webcursos\/"},{"@type":"ListItem","position":2,"name":"Todos los cursos"}]},{"@type":"WebSite","@id":"https:\/\/steegserver.com\/premiumweb\/webcursos\/#website","url":"https:\/\/steegserver.com\/premiumweb\/webcursos\/","name":"INNOVACION DIGITAL","description":"En Innovaci\u00f3n Digital, encontrar\u00e1s contenido dise\u00f1ado para impulsar tu crecimiento personal y profesional.","publisher":{"@id":"https:\/\/steegserver.com\/premiumweb\/webcursos\/#organization"},"potentialAction":[{"@type":"SearchAction","target":{"@type":"EntryPoint","urlTemplate":"https:\/\/steegserver.com\/premiumweb\/webcursos\/?s={search_term_string}"},"query-input":"required name=search_term_string"}],"inLanguage":"es"},{"@type":"Organization","@id":"https:\/\/steegserver.com\/premiumweb\/webcursos\/#organization","name":"INNOVACION DIGITAL","url":"https:\/\/steegserver.com\/premiumweb\/webcursos\/","logo":{"@type":"ImageObject","inLanguage":"es","@id":"https:\/\/steegserver.com\/premiumweb\/webcursos\/#\/schema\/logo\/image\/","url":"https:\/\/steegserver.com\/premiumweb\/webcursos\/wp-content\/uploads\/2024\/08\/cropped-logo-transparente.png","contentUrl":"https:\/\/steegserver.com\/premiumweb\/webcursos\/wp-content\/uploads\/2024\/08\/cropped-logo-transparente.png","width":500,"height":226,"caption":"INNOVACION DIGITAL"},"image":{"@id":"https:\/\/steegserver.com\/premiumweb\/webcursos\/#\/schema\/logo\/image\/"}}]}},"uagb_featured_image_src":{"full":false,"thumbnail":false,"medium":false,"medium_large":false,"large":false,"1536x1536":false,"2048x2048":false},"uagb_author_info":{"display_name":"innova","author_link":"https:\/\/steegserver.com\/premiumweb\/webcursos\/author\/innova\/"},"uagb_comment_info":0,"uagb_excerpt":"Todos los cursos \u00abDescubre todos los cursos recomendados, cuidadosamente seleccionados para tu crecimiento y \u00e9xito profesional.\u00bb Lorem ipsum dolor sit amet, consectetur adipiscing elit. Duis ac eros ut dui bibendum ultricies. Maecenas egestas fringilla semper. Lorem ipsum dolor sit amet, consectetur adipiscing elit. Duis ac eros ut dui bibendum ultricies. Maecenas egestas fringilla semper. Lorem&hellip;","_links":{"self":[{"href":"https:\/\/steegserver.com\/premiumweb\/webcursos\/wp-json\/wp\/v2\/pages\/25403","targetHints":{"allow":["GET"]}}],"collection":[{"href":"https:\/\/steegserver.com\/premiumweb\/webcursos\/wp-json\/wp\/v2\/pages"}],"about":[{"href":"https:\/\/steegserver.com\/premiumweb\/webcursos\/wp-json\/wp\/v2\/types\/page"}],"author":[{"embeddable":true,"href":"https:\/\/steegserver.com\/premiumweb\/webcursos\/wp-json\/wp\/v2\/users\/1"}],"replies":[{"embeddable":true,"href":"https:\/\/steegserver.com\/premiumweb\/webcursos\/wp-json\/wp\/v2\/comments?post=25403"}],"version-history":[{"count":5,"href":"https:\/\/steegserver.com\/premiumweb\/webcursos\/wp-json\/wp\/v2\/pages\/25403\/revisions"}],"predecessor-version":[{"id":27273,"href":"https:\/\/steegserver.com\/premiumweb\/webcursos\/wp-json\/wp\/v2\/pages\/25403\/revisions\/27273"}],"wp:attachment":[{"href":"https:\/\/steegserver.com\/premiumweb\/webcursos\/wp-json\/wp\/v2\/media?parent=25403"}],"curies":[{"name":"wp","href":"https:\/\/api.w.org\/{rel}","templated":true}]}}